{"id":4225,"date":"2023-10-04T19:34:56","date_gmt":"2023-10-04T17:34:56","guid":{"rendered":"https:\/\/andreonifleur.com\/?post_type=product&#038;p=4225"},"modified":"2024-04-02T04:40:58","modified_gmt":"2024-04-02T02:40:58","slug":"campera-silvestre-rework","status":"publish","type":"product","link":"https:\/\/andreonifleur.com\/index.php\/producto\/campera-silvestre-rework\/","title":{"rendered":"Campera Silvestre Rework"},"content":{"rendered":"<p>Prenda \u00fanica. Campera dise\u00f1ada y producida en Uruguay, creada a partir de un acolchado vintage en desuso, cierre met\u00e1lico delantero, bolsillos, cord\u00f3n que frunce en cintura y pu\u00f1os. Fit oversize. Composici\u00f3n: 100% algod\u00f3n.<\/p>\n<p><em><strong>Medidas: Espalda 55 | Ancho 73 | Longuitud 66| Sisa 56<\/strong><\/em><\/p>\n","protected":false},"excerpt":{"rendered":"<p>Prenda \u00fanica. Campera dise\u00f1ada y producida en Uruguay, creada a partir de un acolchado vintage en desuso, cierre met\u00e1lico delantero, bolsillos, cord\u00f3n que frunce en cintura y pu\u00f1os. Fit oversize. Composici\u00f3n: 100% algod\u00f3n.<\/p>\n","protected":false},"featured_media":4151,"comment_status":"open","ping_status":"closed","template":"","meta":{"_joinchat":[]},"product_cat":[64],"product_tag":[],"yoast_head":"<!-- This site is optimized with the Yoast SEO plugin v23.5 - https:\/\/yoast.com\/wordpress\/plugins\/seo\/ -->\n<title>Campera Silvestre Rework | Andreoni Fleur<\/title>\n<meta name=\"description\" content=\"Campera Silvestre Rework\" \/>\n<meta name=\"robots\" content=\"index, follow, max-snippet:-1, max-image-preview:large, max-video-preview:-1\" \/>\n<link rel=\"canonical\" href=\"https:\/\/andreonifleur.com\/index.php\/producto\/campera-silvestre-rework\/\" \/>\n<meta property=\"og:locale\" content=\"en_US\" \/>\n<meta property=\"og:type\" content=\"article\" \/>\n<meta property=\"og:title\" content=\"Campera Silvestre Rework | Andreoni Fleur\" \/>\n<meta property=\"og:description\" content=\"Campera Silvestre Rework\" \/>\n<meta property=\"og:url\" content=\"https:\/\/andreonifleur.com\/index.php\/producto\/campera-silvestre-rework\/\" \/>\n<meta property=\"og:site_name\" content=\"Andreoni Fleur\" \/>\n<meta property=\"article:modified_time\" content=\"2024-04-02T02:40:58+00:00\" \/>\n<meta property=\"og:image\" content=\"https:\/\/andreonifleur.com\/wp-content\/uploads\/2023\/10\/Campera-Silvestre-Rework_galeria1.jpg\" \/>\n\t<meta property=\"og:image:width\" content=\"1050\" \/>\n\t<meta property=\"og:image:height\" content=\"1049\" \/>\n\t<meta property=\"og:image:type\" content=\"image\/jpeg\" \/>\n<meta name=\"twitter:card\" content=\"summary_large_image\" \/>\n<meta name=\"twitter:label1\" content=\"Est. reading time\" \/>\n\t<meta name=\"twitter:data1\" content=\"1 minute\" \/>\n<script type=\"application\/ld+json\" class=\"yoast-schema-graph\">{\"@context\":\"https:\/\/schema.org\",\"@graph\":[{\"@type\":\"WebPage\",\"@id\":\"https:\/\/andreonifleur.com\/index.php\/producto\/campera-silvestre-rework\/\",\"url\":\"https:\/\/andreonifleur.com\/index.php\/producto\/campera-silvestre-rework\/\",\"name\":\"Campera Silvestre Rework | Andreoni Fleur\",\"isPartOf\":{\"@id\":\"https:\/\/andreonifleur.com\/#website\"},\"primaryImageOfPage\":{\"@id\":\"https:\/\/andreonifleur.com\/index.php\/producto\/campera-silvestre-rework\/#primaryimage\"},\"image\":{\"@id\":\"https:\/\/andreonifleur.com\/index.php\/producto\/campera-silvestre-rework\/#primaryimage\"},\"thumbnailUrl\":\"https:\/\/andreonifleur.com\/wp-content\/uploads\/2023\/10\/Campera-Silvestre-Rework_galeria1.jpg\",\"datePublished\":\"2023-10-04T17:34:56+00:00\",\"dateModified\":\"2024-04-02T02:40:58+00:00\",\"description\":\"Campera Silvestre Rework\",\"breadcrumb\":{\"@id\":\"https:\/\/andreonifleur.com\/index.php\/producto\/campera-silvestre-rework\/#breadcrumb\"},\"inLanguage\":\"en-US\",\"potentialAction\":[{\"@type\":\"ReadAction\",\"target\":[\"https:\/\/andreonifleur.com\/index.php\/producto\/campera-silvestre-rework\/\"]}]},{\"@type\":\"ImageObject\",\"inLanguage\":\"en-US\",\"@id\":\"https:\/\/andreonifleur.com\/index.php\/producto\/campera-silvestre-rework\/#primaryimage\",\"url\":\"https:\/\/andreonifleur.com\/wp-content\/uploads\/2023\/10\/Campera-Silvestre-Rework_galeria1.jpg\",\"contentUrl\":\"https:\/\/andreonifleur.com\/wp-content\/uploads\/2023\/10\/Campera-Silvestre-Rework_galeria1.jpg\",\"width\":1050,\"height\":1049},{\"@type\":\"BreadcrumbList\",\"@id\":\"https:\/\/andreonifleur.com\/index.php\/producto\/campera-silvestre-rework\/#breadcrumb\",\"itemListElement\":[{\"@type\":\"ListItem\",\"position\":1,\"name\":\"Portada\",\"item\":\"https:\/\/andreonifleur.com\/\"},{\"@type\":\"ListItem\",\"position\":2,\"name\":\"Shop\",\"item\":\"https:\/\/andreonifleur.com\/index.php\/shop\/\"},{\"@type\":\"ListItem\",\"position\":3,\"name\":\"Campera Silvestre Rework\"}]},{\"@type\":\"WebSite\",\"@id\":\"https:\/\/andreonifleur.com\/#website\",\"url\":\"https:\/\/andreonifleur.com\/\",\"name\":\"Andreoni Fleur\",\"description\":\"Slow fashion y upcycling | Hecho en Uruguay \ud83c\uddfa\ud83c\uddfe\u267b\ufe0f\",\"publisher\":{\"@id\":\"https:\/\/andreonifleur.com\/#organization\"},\"alternateName\":\"Andreoni Fleur\",\"potentialAction\":[{\"@type\":\"SearchAction\",\"target\":{\"@type\":\"EntryPoint\",\"urlTemplate\":\"https:\/\/andreonifleur.com\/?s={search_term_string}\"},\"query-input\":{\"@type\":\"PropertyValueSpecification\",\"valueRequired\":true,\"valueName\":\"search_term_string\"}}],\"inLanguage\":\"en-US\"},{\"@type\":\"Organization\",\"@id\":\"https:\/\/andreonifleur.com\/#organization\",\"name\":\"Andreoni Fleur\",\"alternateName\":\"Andreoni Fleur\",\"url\":\"https:\/\/andreonifleur.com\/\",\"logo\":{\"@type\":\"ImageObject\",\"inLanguage\":\"en-US\",\"@id\":\"https:\/\/andreonifleur.com\/#\/schema\/logo\/image\/\",\"url\":\"https:\/\/andreonifleur.com\/wp-content\/uploads\/2023\/10\/logo_blanco_600x647.png\",\"contentUrl\":\"https:\/\/andreonifleur.com\/wp-content\/uploads\/2023\/10\/logo_blanco_600x647.png\",\"width\":600,\"height\":674,\"caption\":\"Andreoni Fleur\"},\"image\":{\"@id\":\"https:\/\/andreonifleur.com\/#\/schema\/logo\/image\/\"},\"sameAs\":[\"https:\/\/www.instagram.com\/andreoni_fleur\/\"]}]}<\/script>\n<!-- \/ Yoast SEO plugin. -->","yoast_head_json":{"title":"Campera Silvestre Rework | Andreoni Fleur","description":"Campera Silvestre Rework","robots":{"index":"index","follow":"follow","max-snippet":"max-snippet:-1","max-image-preview":"max-image-preview:large","max-video-preview":"max-video-preview:-1"},"canonical":"https:\/\/andreonifleur.com\/index.php\/producto\/campera-silvestre-rework\/","og_locale":"en_US","og_type":"article","og_title":"Campera Silvestre Rework | Andreoni Fleur","og_description":"Campera Silvestre Rework","og_url":"https:\/\/andreonifleur.com\/index.php\/producto\/campera-silvestre-rework\/","og_site_name":"Andreoni Fleur","article_modified_time":"2024-04-02T02:40:58+00:00","og_image":[{"width":1050,"height":1049,"url":"https:\/\/andreonifleur.com\/wp-content\/uploads\/2023\/10\/Campera-Silvestre-Rework_galeria1.jpg","type":"image\/jpeg"}],"twitter_card":"summary_large_image","twitter_misc":{"Est. reading time":"1 minute"},"schema":{"@context":"https:\/\/schema.org","@graph":[{"@type":"WebPage","@id":"https:\/\/andreonifleur.com\/index.php\/producto\/campera-silvestre-rework\/","url":"https:\/\/andreonifleur.com\/index.php\/producto\/campera-silvestre-rework\/","name":"Campera Silvestre Rework | Andreoni Fleur","isPartOf":{"@id":"https:\/\/andreonifleur.com\/#website"},"primaryImageOfPage":{"@id":"https:\/\/andreonifleur.com\/index.php\/producto\/campera-silvestre-rework\/#primaryimage"},"image":{"@id":"https:\/\/andreonifleur.com\/index.php\/producto\/campera-silvestre-rework\/#primaryimage"},"thumbnailUrl":"https:\/\/andreonifleur.com\/wp-content\/uploads\/2023\/10\/Campera-Silvestre-Rework_galeria1.jpg","datePublished":"2023-10-04T17:34:56+00:00","dateModified":"2024-04-02T02:40:58+00:00","description":"Campera Silvestre Rework","breadcrumb":{"@id":"https:\/\/andreonifleur.com\/index.php\/producto\/campera-silvestre-rework\/#breadcrumb"},"inLanguage":"en-US","potentialAction":[{"@type":"ReadAction","target":["https:\/\/andreonifleur.com\/index.php\/producto\/campera-silvestre-rework\/"]}]},{"@type":"ImageObject","inLanguage":"en-US","@id":"https:\/\/andreonifleur.com\/index.php\/producto\/campera-silvestre-rework\/#primaryimage","url":"https:\/\/andreonifleur.com\/wp-content\/uploads\/2023\/10\/Campera-Silvestre-Rework_galeria1.jpg","contentUrl":"https:\/\/andreonifleur.com\/wp-content\/uploads\/2023\/10\/Campera-Silvestre-Rework_galeria1.jpg","width":1050,"height":1049},{"@type":"BreadcrumbList","@id":"https:\/\/andreonifleur.com\/index.php\/producto\/campera-silvestre-rework\/#breadcrumb","itemListElement":[{"@type":"ListItem","position":1,"name":"Portada","item":"https:\/\/andreonifleur.com\/"},{"@type":"ListItem","position":2,"name":"Shop","item":"https:\/\/andreonifleur.com\/index.php\/shop\/"},{"@type":"ListItem","position":3,"name":"Campera Silvestre Rework"}]},{"@type":"WebSite","@id":"https:\/\/andreonifleur.com\/#website","url":"https:\/\/andreonifleur.com\/","name":"Andreoni Fleur","description":"Slow fashion y upcycling | Hecho en Uruguay \ud83c\uddfa\ud83c\uddfe\u267b\ufe0f","publisher":{"@id":"https:\/\/andreonifleur.com\/#organization"},"alternateName":"Andreoni Fleur","potentialAction":[{"@type":"SearchAction","target":{"@type":"EntryPoint","urlTemplate":"https:\/\/andreonifleur.com\/?s={search_term_string}"},"query-input":{"@type":"PropertyValueSpecification","valueRequired":true,"valueName":"search_term_string"}}],"inLanguage":"en-US"},{"@type":"Organization","@id":"https:\/\/andreonifleur.com\/#organization","name":"Andreoni Fleur","alternateName":"Andreoni Fleur","url":"https:\/\/andreonifleur.com\/","logo":{"@type":"ImageObject","inLanguage":"en-US","@id":"https:\/\/andreonifleur.com\/#\/schema\/logo\/image\/","url":"https:\/\/andreonifleur.com\/wp-content\/uploads\/2023\/10\/logo_blanco_600x647.png","contentUrl":"https:\/\/andreonifleur.com\/wp-content\/uploads\/2023\/10\/logo_blanco_600x647.png","width":600,"height":674,"caption":"Andreoni Fleur"},"image":{"@id":"https:\/\/andreonifleur.com\/#\/schema\/logo\/image\/"},"sameAs":["https:\/\/www.instagram.com\/andreoni_fleur\/"]}]}},"jetpack_sharing_enabled":true,"_links":{"self":[{"href":"https:\/\/andreonifleur.com\/index.php\/wp-json\/wp\/v2\/product\/4225"}],"collection":[{"href":"https:\/\/andreonifleur.com\/index.php\/wp-json\/wp\/v2\/product"}],"about":[{"href":"https:\/\/andreonifleur.com\/index.php\/wp-json\/wp\/v2\/types\/product"}],"replies":[{"embeddable":true,"href":"https:\/\/andreonifleur.com\/index.php\/wp-json\/wp\/v2\/comments?post=4225"}],"wp:featuredmedia":[{"embeddable":true,"href":"https:\/\/andreonifleur.com\/index.php\/wp-json\/wp\/v2\/media\/4151"}],"wp:attachment":[{"href":"https:\/\/andreonifleur.com\/index.php\/wp-json\/wp\/v2\/media?parent=4225"}],"wp:term":[{"taxonomy":"product_cat","embeddable":true,"href":"https:\/\/andreonifleur.com\/index.php\/wp-json\/wp\/v2\/product_cat?post=4225"},{"taxonomy":"product_tag","embeddable":true,"href":"https:\/\/andreonifleur.com\/index.php\/wp-json\/wp\/v2\/product_tag?post=4225"}],"curies":[{"name":"wp","href":"https:\/\/api.w.org\/{rel}","templated":true}]}}