{"id":4203,"date":"2023-10-04T18:10:09","date_gmt":"2023-10-04T16:10:09","guid":{"rendered":"https:\/\/andreonifleur.com\/?post_type=product&#038;p=4203"},"modified":"2024-03-11T23:27:46","modified_gmt":"2024-03-11T22:27:46","slug":"bomber-ombu","status":"publish","type":"product","link":"https:\/\/andreonifleur.com\/index.php\/producto\/bomber-ombu\/","title":{"rendered":"Bomber Omb\u00fa"},"content":{"rendered":"<p>Campera dise\u00f1ada y producida en Uruguay, en tela gabardina semi elastizada, cierre met\u00e1lico delantero, bolsillos, tela elastizada en cuello, pu\u00f1os y cintura. Forro realizado con rework. Composici\u00f3n: 60% poli\u00e9ster, 35% ray\u00f3n, 5% sp\u00e1ndex.<\/p>\n<p><em><strong>Las prendas que no est\u00e9n en el stock inmediato y pedidos personalizados pueden demorar hasta 10 d\u00edas.<\/strong><\/em><\/p>\n<p><em><strong>Talles: XS\/ S \/ M \/ L \/ XL (Ver tabla de talles)<\/strong><\/em><\/p>\n","protected":false},"excerpt":{"rendered":"<p>Campera dise\u00f1ada y producida en Uruguay, en tela gabardina semi elastizada, cierre met\u00e1lico delantero, bolsillos, tela elastizada en cuello, pu\u00f1os y cintura. Forro realizado con rework. Composici\u00f3n: 60% poli\u00e9ster, 35% ray\u00f3n, 5% sp\u00e1ndex.<\/p>\n<p><em><strong>Las prendas que no est\u00e9n en el stock inmediato y pedidos personalizados pueden demorar hasta 10 d\u00edas.<\/strong><\/em><\/p>\n","protected":false},"featured_media":4142,"comment_status":"open","ping_status":"closed","template":"","meta":{"_joinchat":[]},"product_cat":[62],"product_tag":[],"yoast_head":"<!-- This site is optimized with the Yoast SEO plugin v23.5 - https:\/\/yoast.com\/wordpress\/plugins\/seo\/ -->\n<title>Bomber Omb\u00fa | Andreoni Fleur<\/title>\n<meta name=\"description\" content=\"Bomber Omb\u00fa\" \/>\n<meta name=\"robots\" content=\"index, follow, max-snippet:-1, max-image-preview:large, max-video-preview:-1\" \/>\n<link rel=\"canonical\" href=\"https:\/\/andreonifleur.com\/index.php\/producto\/bomber-ombu\/\" \/>\n<meta property=\"og:locale\" content=\"en_US\" \/>\n<meta property=\"og:type\" content=\"article\" \/>\n<meta property=\"og:title\" content=\"Bomber Omb\u00fa | Andreoni Fleur\" \/>\n<meta property=\"og:description\" content=\"Bomber Omb\u00fa\" \/>\n<meta property=\"og:url\" content=\"https:\/\/andreonifleur.com\/index.php\/producto\/bomber-ombu\/\" \/>\n<meta property=\"og:site_name\" content=\"Andreoni Fleur\" \/>\n<meta property=\"article:modified_time\" content=\"2024-03-11T22:27:46+00:00\" \/>\n<meta property=\"og:image\" content=\"https:\/\/andreonifleur.com\/wp-content\/uploads\/2023\/10\/BomberOmbu_galeria1.jpg\" \/>\n\t<meta property=\"og:image:width\" content=\"1000\" \/>\n\t<meta property=\"og:image:height\" content=\"996\" \/>\n\t<meta property=\"og:image:type\" content=\"image\/jpeg\" \/>\n<meta name=\"twitter:card\" content=\"summary_large_image\" \/>\n<meta name=\"twitter:label1\" content=\"Est. reading time\" \/>\n\t<meta name=\"twitter:data1\" content=\"1 minute\" \/>\n<script type=\"application\/ld+json\" class=\"yoast-schema-graph\">{\"@context\":\"https:\/\/schema.org\",\"@graph\":[{\"@type\":\"WebPage\",\"@id\":\"https:\/\/andreonifleur.com\/index.php\/producto\/bomber-ombu\/\",\"url\":\"https:\/\/andreonifleur.com\/index.php\/producto\/bomber-ombu\/\",\"name\":\"Bomber Omb\u00fa | Andreoni Fleur\",\"isPartOf\":{\"@id\":\"https:\/\/andreonifleur.com\/#website\"},\"primaryImageOfPage\":{\"@id\":\"https:\/\/andreonifleur.com\/index.php\/producto\/bomber-ombu\/#primaryimage\"},\"image\":{\"@id\":\"https:\/\/andreonifleur.com\/index.php\/producto\/bomber-ombu\/#primaryimage\"},\"thumbnailUrl\":\"https:\/\/andreonifleur.com\/wp-content\/uploads\/2023\/10\/BomberOmbu_galeria1.jpg\",\"datePublished\":\"2023-10-04T16:10:09+00:00\",\"dateModified\":\"2024-03-11T22:27:46+00:00\",\"description\":\"Bomber Omb\u00fa\",\"breadcrumb\":{\"@id\":\"https:\/\/andreonifleur.com\/index.php\/producto\/bomber-ombu\/#breadcrumb\"},\"inLanguage\":\"en-US\",\"potentialAction\":[{\"@type\":\"ReadAction\",\"target\":[\"https:\/\/andreonifleur.com\/index.php\/producto\/bomber-ombu\/\"]}]},{\"@type\":\"ImageObject\",\"inLanguage\":\"en-US\",\"@id\":\"https:\/\/andreonifleur.com\/index.php\/producto\/bomber-ombu\/#primaryimage\",\"url\":\"https:\/\/andreonifleur.com\/wp-content\/uploads\/2023\/10\/BomberOmbu_galeria1.jpg\",\"contentUrl\":\"https:\/\/andreonifleur.com\/wp-content\/uploads\/2023\/10\/BomberOmbu_galeria1.jpg\",\"width\":1000,\"height\":996},{\"@type\":\"BreadcrumbList\",\"@id\":\"https:\/\/andreonifleur.com\/index.php\/producto\/bomber-ombu\/#breadcrumb\",\"itemListElement\":[{\"@type\":\"ListItem\",\"position\":1,\"name\":\"Portada\",\"item\":\"https:\/\/andreonifleur.com\/\"},{\"@type\":\"ListItem\",\"position\":2,\"name\":\"Shop\",\"item\":\"https:\/\/andreonifleur.com\/index.php\/shop\/\"},{\"@type\":\"ListItem\",\"position\":3,\"name\":\"Bomber Omb\u00fa\"}]},{\"@type\":\"WebSite\",\"@id\":\"https:\/\/andreonifleur.com\/#website\",\"url\":\"https:\/\/andreonifleur.com\/\",\"name\":\"Andreoni Fleur\",\"description\":\"Slow fashion y upcycling | Hecho en Uruguay \ud83c\uddfa\ud83c\uddfe\u267b\ufe0f\",\"publisher\":{\"@id\":\"https:\/\/andreonifleur.com\/#organization\"},\"alternateName\":\"Andreoni Fleur\",\"potentialAction\":[{\"@type\":\"SearchAction\",\"target\":{\"@type\":\"EntryPoint\",\"urlTemplate\":\"https:\/\/andreonifleur.com\/?s={search_term_string}\"},\"query-input\":{\"@type\":\"PropertyValueSpecification\",\"valueRequired\":true,\"valueName\":\"search_term_string\"}}],\"inLanguage\":\"en-US\"},{\"@type\":\"Organization\",\"@id\":\"https:\/\/andreonifleur.com\/#organization\",\"name\":\"Andreoni Fleur\",\"alternateName\":\"Andreoni Fleur\",\"url\":\"https:\/\/andreonifleur.com\/\",\"logo\":{\"@type\":\"ImageObject\",\"inLanguage\":\"en-US\",\"@id\":\"https:\/\/andreonifleur.com\/#\/schema\/logo\/image\/\",\"url\":\"https:\/\/andreonifleur.com\/wp-content\/uploads\/2023\/10\/logo_blanco_600x647.png\",\"contentUrl\":\"https:\/\/andreonifleur.com\/wp-content\/uploads\/2023\/10\/logo_blanco_600x647.png\",\"width\":600,\"height\":674,\"caption\":\"Andreoni Fleur\"},\"image\":{\"@id\":\"https:\/\/andreonifleur.com\/#\/schema\/logo\/image\/\"},\"sameAs\":[\"https:\/\/www.instagram.com\/andreoni_fleur\/\"]}]}<\/script>\n<!-- \/ Yoast SEO plugin. -->","yoast_head_json":{"title":"Bomber Omb\u00fa | Andreoni Fleur","description":"Bomber Omb\u00fa","robots":{"index":"index","follow":"follow","max-snippet":"max-snippet:-1","max-image-preview":"max-image-preview:large","max-video-preview":"max-video-preview:-1"},"canonical":"https:\/\/andreonifleur.com\/index.php\/producto\/bomber-ombu\/","og_locale":"en_US","og_type":"article","og_title":"Bomber Omb\u00fa | Andreoni Fleur","og_description":"Bomber Omb\u00fa","og_url":"https:\/\/andreonifleur.com\/index.php\/producto\/bomber-ombu\/","og_site_name":"Andreoni Fleur","article_modified_time":"2024-03-11T22:27:46+00:00","og_image":[{"width":1000,"height":996,"url":"https:\/\/andreonifleur.com\/wp-content\/uploads\/2023\/10\/BomberOmbu_galeria1.jpg","type":"image\/jpeg"}],"twitter_card":"summary_large_image","twitter_misc":{"Est. reading time":"1 minute"},"schema":{"@context":"https:\/\/schema.org","@graph":[{"@type":"WebPage","@id":"https:\/\/andreonifleur.com\/index.php\/producto\/bomber-ombu\/","url":"https:\/\/andreonifleur.com\/index.php\/producto\/bomber-ombu\/","name":"Bomber Omb\u00fa | Andreoni Fleur","isPartOf":{"@id":"https:\/\/andreonifleur.com\/#website"},"primaryImageOfPage":{"@id":"https:\/\/andreonifleur.com\/index.php\/producto\/bomber-ombu\/#primaryimage"},"image":{"@id":"https:\/\/andreonifleur.com\/index.php\/producto\/bomber-ombu\/#primaryimage"},"thumbnailUrl":"https:\/\/andreonifleur.com\/wp-content\/uploads\/2023\/10\/BomberOmbu_galeria1.jpg","datePublished":"2023-10-04T16:10:09+00:00","dateModified":"2024-03-11T22:27:46+00:00","description":"Bomber Omb\u00fa","breadcrumb":{"@id":"https:\/\/andreonifleur.com\/index.php\/producto\/bomber-ombu\/#breadcrumb"},"inLanguage":"en-US","potentialAction":[{"@type":"ReadAction","target":["https:\/\/andreonifleur.com\/index.php\/producto\/bomber-ombu\/"]}]},{"@type":"ImageObject","inLanguage":"en-US","@id":"https:\/\/andreonifleur.com\/index.php\/producto\/bomber-ombu\/#primaryimage","url":"https:\/\/andreonifleur.com\/wp-content\/uploads\/2023\/10\/BomberOmbu_galeria1.jpg","contentUrl":"https:\/\/andreonifleur.com\/wp-content\/uploads\/2023\/10\/BomberOmbu_galeria1.jpg","width":1000,"height":996},{"@type":"BreadcrumbList","@id":"https:\/\/andreonifleur.com\/index.php\/producto\/bomber-ombu\/#breadcrumb","itemListElement":[{"@type":"ListItem","position":1,"name":"Portada","item":"https:\/\/andreonifleur.com\/"},{"@type":"ListItem","position":2,"name":"Shop","item":"https:\/\/andreonifleur.com\/index.php\/shop\/"},{"@type":"ListItem","position":3,"name":"Bomber Omb\u00fa"}]},{"@type":"WebSite","@id":"https:\/\/andreonifleur.com\/#website","url":"https:\/\/andreonifleur.com\/","name":"Andreoni Fleur","description":"Slow fashion y upcycling | Hecho en Uruguay \ud83c\uddfa\ud83c\uddfe\u267b\ufe0f","publisher":{"@id":"https:\/\/andreonifleur.com\/#organization"},"alternateName":"Andreoni Fleur","potentialAction":[{"@type":"SearchAction","target":{"@type":"EntryPoint","urlTemplate":"https:\/\/andreonifleur.com\/?s={search_term_string}"},"query-input":{"@type":"PropertyValueSpecification","valueRequired":true,"valueName":"search_term_string"}}],"inLanguage":"en-US"},{"@type":"Organization","@id":"https:\/\/andreonifleur.com\/#organization","name":"Andreoni Fleur","alternateName":"Andreoni Fleur","url":"https:\/\/andreonifleur.com\/","logo":{"@type":"ImageObject","inLanguage":"en-US","@id":"https:\/\/andreonifleur.com\/#\/schema\/logo\/image\/","url":"https:\/\/andreonifleur.com\/wp-content\/uploads\/2023\/10\/logo_blanco_600x647.png","contentUrl":"https:\/\/andreonifleur.com\/wp-content\/uploads\/2023\/10\/logo_blanco_600x647.png","width":600,"height":674,"caption":"Andreoni Fleur"},"image":{"@id":"https:\/\/andreonifleur.com\/#\/schema\/logo\/image\/"},"sameAs":["https:\/\/www.instagram.com\/andreoni_fleur\/"]}]}},"jetpack_sharing_enabled":true,"_links":{"self":[{"href":"https:\/\/andreonifleur.com\/index.php\/wp-json\/wp\/v2\/product\/4203"}],"collection":[{"href":"https:\/\/andreonifleur.com\/index.php\/wp-json\/wp\/v2\/product"}],"about":[{"href":"https:\/\/andreonifleur.com\/index.php\/wp-json\/wp\/v2\/types\/product"}],"replies":[{"embeddable":true,"href":"https:\/\/andreonifleur.com\/index.php\/wp-json\/wp\/v2\/comments?post=4203"}],"wp:featuredmedia":[{"embeddable":true,"href":"https:\/\/andreonifleur.com\/index.php\/wp-json\/wp\/v2\/media\/4142"}],"wp:attachment":[{"href":"https:\/\/andreonifleur.com\/index.php\/wp-json\/wp\/v2\/media?parent=4203"}],"wp:term":[{"taxonomy":"product_cat","embeddable":true,"href":"https:\/\/andreonifleur.com\/index.php\/wp-json\/wp\/v2\/product_cat?post=4203"},{"taxonomy":"product_tag","embeddable":true,"href":"https:\/\/andreonifleur.com\/index.php\/wp-json\/wp\/v2\/product_tag?post=4203"}],"curies":[{"name":"wp","href":"https:\/\/api.w.org\/{rel}","templated":true}]}}